{"id":5186,"date":"2024-05-14T09:50:58","date_gmt":"2024-05-14T09:50:58","guid":{"rendered":"https:\/\/balkansnews.com\/rreth-nesh\/"},"modified":"2024-05-17T09:15:06","modified_gmt":"2024-05-17T09:15:06","slug":"rreth-nesh","status":"publish","type":"page","link":"https:\/\/balkansnews.com\/sq\/rreth-nesh\/","title":{"rendered":"Rreth Nesh"},"content":{"rendered":"\t\t<div data-elementor-type=\"wp-page\" data-elementor-id=\"5186\" class=\"elementor elementor-5186 elementor-2\">\n\t\t\t\t<div class=\"elementor-element elementor-element-cecbabd e-flex e-con-boxed e-con e-parent\" data-id=\"cecbabd\" data-element_type=\"container\" data-e-type=\"container\">\n\t\t\t\t\t<div class=\"e-con-inner\">\n\t\t<div class=\"elementor-element elementor-element-142e13d e-con-full e-flex e-con e-child\" data-id=\"142e13d\" data-element_type=\"container\" data-e-type=\"container\">\n\t\t\t\t<div class=\"elementor-element elementor-element-fafdd90 elementor-widget elementor-widget-text-editor\" data-id=\"fafdd90\" data-element_type=\"widget\" data-e-type=\"widget\" data-widget_type=\"text-editor.default\">\n\t\t\t\t<div class=\"elementor-widget-container\">\n\t\t\t\t\t\t\t\t\t<h2><strong>Rreth The Balkans News\u2122<\/strong><\/h2>\n<\/p>\n<p>Balkan News\u2122 publikon lajme mbi vendet e Ballkanit me <span class=\"yKMVIe\" role=\"heading\" aria-level=\"1\">theks<\/span> te biznesi, financa, stili i jetes\u00ebs dhe teknologjia. N\u00eb Shoqat\u00ebn me <a href=\"https:\/\/europenewswire.net\/\">EuropeNewswire.net<\/a> , The Balk News gjithashtu publikon dhe shp\u00ebrndan njoftime p\u00ebr shtyp n\u00eb media n\u00eb rajone dhe n\u00eb t\u00eb gjith\u00eb vendet evropiane. P\u00ebr shp\u00ebrndarjen e njoftimeve p\u00ebr shtyp n\u00eb media, <a href=\"https:\/\/balkansnews.com\/contact-us\/\">na kontaktoni<\/a> p\u00ebrmes k\u00ebtyre aplikacioneve t\u00eb mesazheve <a href=\"https:\/\/wa.me\/18327162363\">WhatsApp<\/a> , <a href=\"skype:groupwebmedia?chat\">Skype<\/a> ose <a href=\"https:\/\/t.me\/groupwebmedia\">Telegram<\/a> .<\/p>\n<h2>Rreth biznesit dhe ekonomis\u00eb ballkanike<\/h2>\n<h3> <\/h3>\n<h2><span style=\"color: #5280a0; margin-bottom: 20px;\"><a style=\"color: #5280a0;\" href=\"https:\/\/balkansnews.com\/the-business-and-economic-outlook-of-the-balkan-states\/\"><strong>Perspektiva e Biznesit dhe Ekonomis\u00eb e Shteteve t\u00eb Ballkanit<\/strong><\/a><\/span><\/h2>\n<p>Rajoni i Ballkanit, i p\u00ebrb\u00ebr\u00eb nga vende si Shqip\u00ebria, Bosnja dhe Hercegovina, Kosova, Mali i Zi, Maqedonia e Veriut dhe Serbia, ka qen\u00eb nj\u00eb pik\u00eb qendrore e diskutimeve ekonomike p\u00ebr shkak t\u00eb vendndodhjes s\u00eb tij strategjike dhe potencialit p\u00ebr rritje. Kjo ese shqyrton perspektiv\u00ebn aktuale t\u00eb biznesit dhe ekonomis\u00eb s\u00eb k\u00ebtyre shteteve, duke u mb\u00ebshtetur nga t\u00eb dh\u00ebnat dhe parashikimet e fundit <span style=\"color: #5280a0;\"><a style=\"color: #5280a0;\" href=\"https:\/\/balkansnews.com\/the-business-and-economic-outlook-of-the-balkan-states\/\">Lexo m\u00eb shum\u00eb&#8230;<\/a><\/span><\/p>\n\t\t\t\t\t\t\t\t<\/div>\n\t\t\t\t<\/div>\n\t\t\t\t<\/div>\n\t\t<div class=\"elementor-element elementor-element-1525e39 e-con-full rb-sticky e-flex e-con e-child\" data-id=\"1525e39\" data-element_type=\"container\" data-e-type=\"container\">\n\t\t\t\t<div class=\"elementor-element elementor-element-0495956 elementor-widget elementor-widget-foxiz-heading\" data-id=\"0495956\" data-element_type=\"widget\" data-e-type=\"widget\" data-widget_type=\"foxiz-heading.default\">\n\t\t\t\t<div class=\"elementor-widget-container\">\n\t\t\t\t\t<div id=\"uid_0495956\" class=\"block-h heading-layout-2\"><div class=\"heading-inner\"><h2 class=\"heading-title\"><span>Lajmet e fundit<\/span><\/h2><\/div><\/div>\t\t\t\t<\/div>\n\t\t\t\t<\/div>\n\t\t\t\t<div class=\"elementor-element elementor-element-912eb7a elementor-widget elementor-widget-foxiz-list-small-2\" data-id=\"912eb7a\" data-element_type=\"widget\" data-e-type=\"widget\" data-widget_type=\"foxiz-list-small-2.default\">\n\t\t\t\t<div class=\"elementor-widget-container\">\n\t\t\t\t\t<div id=\"uid_912eb7a\" class=\"block-wrap block-small block-list block-list-small-2 rb-columns rb-col-1 is-feat-left meta-s-default\"><div class=\"block-inner\">\t\t<div class=\"p-wrap p-small p-list-small-2\" data-pid=\"9842\">\r\n\t\t\t<div class=\"p-content\">\r\n\t\t\t<h5 class=\"entry-title\">\t\t<a class=\"p-url\" href=\"https:\/\/balkansnews.com\/sq\/vv-e-para-pdk-e-dyta-vazhdon-renia-e-ldk-se-befasojne-aak-e-nisma\/\" rel=\"bookmark\">VV e para, PDK e dyta, vazhdon r\u00ebnia e LDK-s\u00eb, befasojn\u00eb AAK e NISMA<\/a><\/h5>\t\t\t<div class=\"p-meta\">\r\n\t\t\t\t<div class=\"meta-inner is-meta\">\r\n\t\t\t\t\t<span class=\"meta-el meta-update\">\r\n\t\t<i class=\"rbi rbi-time\" aria-hidden=\"true\"><\/i>\t\t<time class=\"updated\" datetime=\"2024-08-29T17:10:13+00:00\">August 29, 2024<\/time>\r\n\t\t<\/span>\r\n\t\t\t\t\t\t<\/div>\r\n\t\t\t\t\t\t\t<\/div>\r\n\t\t\t\t<\/div>\r\n\t\t\t\t<\/div>\r\n\t\t\t<div class=\"p-wrap p-small p-list-small-2\" data-pid=\"9636\">\r\n\t\t\t<div class=\"p-content\">\r\n\t\t\t<h5 class=\"entry-title\">\t\t<a class=\"p-url\" href=\"https:\/\/balkansnews.com\/sq\/roth-the-eu-does-not-bargain-with-albania-and-macedonia\/\" rel=\"bookmark\">Roth: The EU does not bargain with Albania and Macedonia<\/a><\/h5>\t\t\t<div class=\"p-meta\">\r\n\t\t\t\t<div class=\"meta-inner is-meta\">\r\n\t\t\t\t\t<span class=\"meta-el meta-update\">\r\n\t\t<i class=\"rbi rbi-time\" aria-hidden=\"true\"><\/i>\t\t<time class=\"updated\" datetime=\"2024-08-24T20:10:15+00:00\">August 24, 2024<\/time>\r\n\t\t<\/span>\r\n\t\t\t\t\t\t<\/div>\r\n\t\t\t\t\t\t\t<\/div>\r\n\t\t\t\t<\/div>\r\n\t\t\t\t<\/div>\r\n\t\t\t<div class=\"p-wrap p-small p-list-small-2\" data-pid=\"9630\">\r\n\t\t\t<div class=\"p-content\">\r\n\t\t\t<h5 class=\"entry-title\">\t\t<a class=\"p-url\" href=\"https:\/\/balkansnews.com\/sq\/good-news-for-albanians-living-in-greece-athens-recognizes-expired-passports-until-december-31\/\" rel=\"bookmark\">Good news for Albanians living in Greece! Athens recognizes expired passports until December 31<\/a><\/h5>\t\t\t<div class=\"p-meta\">\r\n\t\t\t\t<div class=\"meta-inner is-meta\">\r\n\t\t\t\t\t<span class=\"meta-el meta-update\">\r\n\t\t<i class=\"rbi rbi-time\" aria-hidden=\"true\"><\/i>\t\t<time class=\"updated\" datetime=\"2024-08-23T12:30:30+00:00\">August 23, 2024<\/time>\r\n\t\t<\/span>\r\n\t\t\t\t\t\t<\/div>\r\n\t\t\t\t\t\t\t<\/div>\r\n\t\t\t\t<\/div>\r\n\t\t\t\t<\/div>\r\n\t\t\t<div class=\"p-wrap p-small p-list-small-2\" data-pid=\"9629\">\r\n\t\t\t<div class=\"p-content\">\r\n\t\t\t<h5 class=\"entry-title\">\t\t<a class=\"p-url\" href=\"https:\/\/balkansnews.com\/sq\/nderprerja-e-energjise-elektrike-balluku-situata-u-rikuperua-per-30-minuta-ne-rang-vendi\/\" rel=\"bookmark\">Nd\u00ebrprerja e energjis\u00eb elektrike, Balluku: Situata u rikuperua p\u00ebr 30 minuta n\u00eb rang vendi<\/a><\/h5>\t\t\t<div class=\"p-meta\">\r\n\t\t\t\t<div class=\"meta-inner is-meta\">\r\n\t\t\t\t\t<span class=\"meta-el meta-update\">\r\n\t\t<i class=\"rbi rbi-time\" aria-hidden=\"true\"><\/i>\t\t<time class=\"updated\" datetime=\"2024-08-23T11:10:11+00:00\">August 23, 2024<\/time>\r\n\t\t<\/span>\r\n\t\t\t\t\t\t<\/div>\r\n\t\t\t\t\t\t\t<\/div>\r\n\t\t\t\t<\/div>\r\n\t\t\t\t<\/div>\r\n\t\t\t<div class=\"p-wrap p-small p-list-small-2\" data-pid=\"9628\">\r\n\t\t\t<div class=\"p-content\">\r\n\t\t\t<h5 class=\"entry-title\">\t\t<a class=\"p-url\" href=\"https:\/\/balkansnews.com\/sq\/albanian-prime-minister-eu-faces-nightmare-if-balkan-hopes-fade\/\" rel=\"bookmark\">Albanian prime minister: EU faces \u2018nightmare\u2019 if Balkan hopes fade<\/a><\/h5>\t\t\t<div class=\"p-meta\">\r\n\t\t\t\t<div class=\"meta-inner is-meta\">\r\n\t\t\t\t\t<span class=\"meta-el meta-update\">\r\n\t\t<i class=\"rbi rbi-time\" aria-hidden=\"true\"><\/i>\t\t<time class=\"updated\" datetime=\"2024-08-23T11:00:16+00:00\">August 23, 2024<\/time>\r\n\t\t<\/span>\r\n\t\t\t\t\t\t<\/div>\r\n\t\t\t\t\t\t\t<\/div>\r\n\t\t\t\t<\/div>\r\n\t\t\t\t<\/div>\r\n\t<\/div><\/div>\t\t\t\t<\/div>\n\t\t\t\t<\/div>\n\t\t\t\t<\/div>\n\t\t\t\t\t<\/div>\n\t\t\t\t<\/div>\n\t\t\t\t<\/div>\n\t\t","protected":false},"excerpt":{"rendered":"<p>Rreth The Balkans News\u2122 Balkan News\u2122 publikon lajme mbi vendet e Ballkanit me theks te biznesi, financa, stili i jetes\u00ebs dhe teknologjia. N\u00eb Shoqat\u00ebn me EuropeNewswire.net , The Balk News gjithashtu publikon dhe shp\u00ebrndan njoftime p\u00ebr shtyp n\u00eb media n\u00eb rajone dhe n\u00eb t\u00eb gjith\u00eb vendet evropiane. P\u00ebr shp\u00ebrndarjen e njoftimeve p\u00ebr shtyp n\u00eb media, [&hellip;]<\/p>\n","protected":false},"author":1,"featured_media":0,"parent":0,"menu_order":0,"comment_status":"closed","ping_status":"closed","template":"","meta":{"footnotes":""},"class_list":["post-5186","page","type-page","status-publish"],"_links":{"self":[{"href":"https:\/\/balkansnews.com\/sq\/wp-json\/wp\/v2\/pages\/5186","targetHints":{"allow":["GET"]}}],"collection":[{"href":"https:\/\/balkansnews.com\/sq\/wp-json\/wp\/v2\/pages"}],"about":[{"href":"https:\/\/balkansnews.com\/sq\/wp-json\/wp\/v2\/types\/page"}],"author":[{"embeddable":true,"href":"https:\/\/balkansnews.com\/sq\/wp-json\/wp\/v2\/users\/1"}],"replies":[{"embeddable":true,"href":"https:\/\/balkansnews.com\/sq\/wp-json\/wp\/v2\/comments?post=5186"}],"version-history":[{"count":1,"href":"https:\/\/balkansnews.com\/sq\/wp-json\/wp\/v2\/pages\/5186\/revisions"}],"predecessor-version":[{"id":5187,"href":"https:\/\/balkansnews.com\/sq\/wp-json\/wp\/v2\/pages\/5186\/revisions\/5187"}],"wp:attachment":[{"href":"https:\/\/balkansnews.com\/sq\/wp-json\/wp\/v2\/media?parent=5186"}],"curies":[{"name":"wp","href":"https:\/\/api.w.org\/{rel}","templated":true}]}}