{"id":5189,"date":"2024-05-14T09:50:58","date_gmt":"2024-05-14T09:50:58","guid":{"rendered":"https:\/\/balkansnews.com\/o-nama\/"},"modified":"2024-05-17T09:16:39","modified_gmt":"2024-05-17T09:16:39","slug":"o-nama","status":"publish","type":"page","link":"https:\/\/balkansnews.com\/hr\/o-nama\/","title":{"rendered":"O nama"},"content":{"rendered":"\t\t<div data-elementor-type=\"wp-page\" data-elementor-id=\"5189\" class=\"elementor elementor-5189 elementor-2\">\n\t\t\t\t<div class=\"elementor-element elementor-element-cecbabd e-flex e-con-boxed e-con e-parent\" data-id=\"cecbabd\" data-element_type=\"container\" data-e-type=\"container\">\n\t\t\t\t\t<div class=\"e-con-inner\">\n\t\t<div class=\"elementor-element elementor-element-142e13d e-con-full e-flex e-con e-child\" data-id=\"142e13d\" data-element_type=\"container\" data-e-type=\"container\">\n\t\t\t\t<div class=\"elementor-element elementor-element-fafdd90 elementor-widget elementor-widget-text-editor\" data-id=\"fafdd90\" data-element_type=\"widget\" data-e-type=\"widget\" data-widget_type=\"text-editor.default\">\n\t\t\t\t<div class=\"elementor-widget-container\">\n\t\t\t\t\t\t\t\t\t<h2><strong>O The Balkans News\u2122<\/strong><\/h2>\n<\/p>\n<p>Balkan News\u2122 objavljuje vijesti o balkanskim zemljama s <span class=\"yKMVIe\" role=\"heading\" aria-level=\"1\">naglaskom<\/span> na poslovanje, financije, stil \u017eivota i tehnologiju. U suradnji s <a href=\"https:\/\/europenewswire.net\/\">EuropeNewswire.net<\/a> , The Balk News tako\u0111er objavljuje i distribuira priop\u0107enja medijima u regijama i cijelim europskim zemljama. Za distribuciju priop\u0107enja medijima <a href=\"https:\/\/balkansnews.com\/contact-us\/\">kontaktirajte nas<\/a> putem ovih aplikacija za razmjenu poruka <a href=\"https:\/\/wa.me\/18327162363\">WhatsApp<\/a> , <a href=\"skype:groupwebmedia?chat\">Skype<\/a> ili <a href=\"https:\/\/t.me\/groupwebmedia\">Telegram<\/a> .<\/p>\n<h2>O balkanskom biznisu i ekonomiji<\/h2>\n<h3> <\/h3>\n<h2><span style=\"color: #5280a0; margin-bottom: 20px;\"><a style=\"color: #5280a0;\" href=\"https:\/\/balkansnews.com\/the-business-and-economic-outlook-of-the-balkan-states\/\"><strong>Poslovni i ekonomski izgledi balkanskih zemalja<\/strong><\/a><\/span><\/h2>\n<p>Balkanska regija, koja se sastoji od zemalja poput Albanije, Bosne i Hercegovine, Kosova, Crne Gore, Sjeverne Makedonije i Srbije, bila je sredi\u0161nja to\u010dka gospodarskih rasprava zbog svoje strate\u0161ke lokacije i potencijala za rast. Ovaj esej istra\u017euje trenutne poslovne i ekonomske izglede ovih dr\u017eava, oslanjaju\u0107i se na nedavne podatke i projekcije <span style=\"color: #5280a0;\"><a style=\"color: #5280a0;\" href=\"https:\/\/balkansnews.com\/the-business-and-economic-outlook-of-the-balkan-states\/\">Pro\u010ditajte vi\u0161e&#8230;<\/a><\/span><\/p>\n\t\t\t\t\t\t\t\t<\/div>\n\t\t\t\t<\/div>\n\t\t\t\t<\/div>\n\t\t<div class=\"elementor-element elementor-element-1525e39 e-con-full rb-sticky e-flex e-con e-child\" data-id=\"1525e39\" data-element_type=\"container\" data-e-type=\"container\">\n\t\t\t\t<div class=\"elementor-element elementor-element-0495956 elementor-widget elementor-widget-foxiz-heading\" data-id=\"0495956\" data-element_type=\"widget\" data-e-type=\"widget\" data-widget_type=\"foxiz-heading.default\">\n\t\t\t\t<div class=\"elementor-widget-container\">\n\t\t\t\t\t<div id=\"uid_0495956\" class=\"block-h heading-layout-2\"><div class=\"heading-inner\"><h2 class=\"heading-title\"><span>Najnovije vijesti<\/span><\/h2><\/div><\/div>\t\t\t\t<\/div>\n\t\t\t\t<\/div>\n\t\t\t\t<div class=\"elementor-element elementor-element-912eb7a elementor-widget elementor-widget-foxiz-list-small-2\" data-id=\"912eb7a\" data-element_type=\"widget\" data-e-type=\"widget\" data-widget_type=\"foxiz-list-small-2.default\">\n\t\t\t\t<div class=\"elementor-widget-container\">\n\t\t\t\t\t<div id=\"uid_912eb7a\" class=\"block-wrap block-small block-list block-list-small-2 rb-columns rb-col-1 is-feat-left meta-s-default\"><div class=\"block-inner\">\t\t<div class=\"p-wrap p-small p-list-small-2\" data-pid=\"9678\">\r\n\t\t\t<div class=\"p-content\">\r\n\t\t\t<h5 class=\"entry-title\">\t\t<a class=\"p-url\" href=\"https:\/\/balkansnews.com\/hr\/this-years-july-is-the-hottest-in-the-history-of-greece\/\" rel=\"bookmark\">This year&#8217;s July is the hottest in the history of Greece<\/a><\/h5>\t\t\t<div class=\"p-meta\">\r\n\t\t\t\t<div class=\"meta-inner is-meta\">\r\n\t\t\t\t\t<span class=\"meta-el meta-update\">\r\n\t\t<i class=\"rbi rbi-time\" aria-hidden=\"true\"><\/i>\t\t<time class=\"updated\" datetime=\"2024-08-26T10:00:15+00:00\">26. kolovoza 2024.<\/time>\r\n\t\t<\/span>\r\n\t\t\t\t\t\t<\/div>\r\n\t\t\t\t\t\t\t<\/div>\r\n\t\t\t\t<\/div>\r\n\t\t\t\t<\/div>\r\n\t\t\t<div class=\"p-wrap p-small p-list-small-2\" data-pid=\"9677\">\r\n\t\t\t<div class=\"p-content\">\r\n\t\t\t<h5 class=\"entry-title\">\t\t<a class=\"p-url\" href=\"https:\/\/balkansnews.com\/hr\/289-kg-of-cocaine-belonging-to-the-balkan-cartel-fell\/\" rel=\"bookmark\">289 kg of cocaine belonging to the Balkan Cartel fell<\/a><\/h5>\t\t\t<div class=\"p-meta\">\r\n\t\t\t\t<div class=\"meta-inner is-meta\">\r\n\t\t\t\t\t<span class=\"meta-el meta-update\">\r\n\t\t<i class=\"rbi rbi-time\" aria-hidden=\"true\"><\/i>\t\t<time class=\"updated\" datetime=\"2024-08-26T09:40:12+00:00\">26. kolovoza 2024.<\/time>\r\n\t\t<\/span>\r\n\t\t\t\t\t\t<\/div>\r\n\t\t\t\t\t\t\t<\/div>\r\n\t\t\t\t<\/div>\r\n\t\t\t\t<\/div>\r\n\t\t\t<div class=\"p-wrap p-small p-list-small-2\" data-pid=\"9676\">\r\n\t\t\t<div class=\"p-content\">\r\n\t\t\t<h5 class=\"entry-title\">\t\t<a class=\"p-url\" href=\"https:\/\/balkansnews.com\/hr\/danasnja-odluka-ustavnog-suda-bih-nema-nikakav-utjecaj-na-nase-operacije-u-varesu\/\" rel=\"bookmark\">Dana\u0161nja odluka Ustavnog suda BiH nema nikakav utjecaj na na\u0161e operacije u Vare\u0161u<\/a><\/h5>\t\t\t<div class=\"p-meta\">\r\n\t\t\t\t<div class=\"meta-inner is-meta\">\r\n\t\t\t\t\t<span class=\"meta-el meta-update\">\r\n\t\t<i class=\"rbi rbi-time\" aria-hidden=\"true\"><\/i>\t\t<time class=\"updated\" datetime=\"2024-08-26T09:10:12+00:00\">26. kolovoza 2024.<\/time>\r\n\t\t<\/span>\r\n\t\t\t\t\t\t<\/div>\r\n\t\t\t\t\t\t\t<\/div>\r\n\t\t\t\t<\/div>\r\n\t\t\t\t<\/div>\r\n\t\t\t<div class=\"p-wrap p-small p-list-small-2\" data-pid=\"9675\">\r\n\t\t\t<div class=\"p-content\">\r\n\t\t\t<h5 class=\"entry-title\">\t\t<a class=\"p-url\" href=\"https:\/\/balkansnews.com\/hr\/organizator-joe-basic-ultra-cini-1-posto-ukupnog-bdp-a-hrvatske\/\" rel=\"bookmark\">Organizator Joe Ba\u0161i\u0107: &#8216;Ultra \u010dini 1 posto ukupnog BDP-a hrvatske&#8217;<\/a><\/h5>\t\t\t<div class=\"p-meta\">\r\n\t\t\t\t<div class=\"meta-inner is-meta\">\r\n\t\t\t\t\t<span class=\"meta-el meta-update\">\r\n\t\t<i class=\"rbi rbi-time\" aria-hidden=\"true\"><\/i>\t\t<time class=\"updated\" datetime=\"2024-08-26T09:00:21+00:00\">26. kolovoza 2024.<\/time>\r\n\t\t<\/span>\r\n\t\t\t\t\t\t<\/div>\r\n\t\t\t\t\t\t\t<\/div>\r\n\t\t\t\t<\/div>\r\n\t\t\t\t<\/div>\r\n\t\t\t<div class=\"p-wrap p-small p-list-small-2\" data-pid=\"9635\">\r\n\t\t\t<div class=\"p-content\">\r\n\t\t\t<h5 class=\"entry-title\">\t\t<a class=\"p-url\" href=\"https:\/\/balkansnews.com\/hr\/96-new-cases-two-deaths-65-recoveries-%c2%b7-hina-hr\/\" rel=\"bookmark\">96 new cases, two deaths, 65 recoveries \u00b7 HINA.hr<\/a><\/h5>\t\t\t<div class=\"p-meta\">\r\n\t\t\t\t<div class=\"meta-inner is-meta\">\r\n\t\t\t\t\t<span class=\"meta-el meta-update\">\r\n\t\t<i class=\"rbi rbi-time\" aria-hidden=\"true\"><\/i>\t\t<time class=\"updated\" datetime=\"2024-08-24T19:40:12+00:00\">24. kolovoza 2024.<\/time>\r\n\t\t<\/span>\r\n\t\t\t\t\t\t<\/div>\r\n\t\t\t\t\t\t\t<\/div>\r\n\t\t\t\t<\/div>\r\n\t\t\t\t<\/div>\r\n\t<\/div><\/div>\t\t\t\t<\/div>\n\t\t\t\t<\/div>\n\t\t\t\t<\/div>\n\t\t\t\t\t<\/div>\n\t\t\t\t<\/div>\n\t\t\t\t<\/div>\n\t\t","protected":false},"excerpt":{"rendered":"<p>O The Balkans News\u2122 Balkan News\u2122 objavljuje vijesti o balkanskim zemljama s naglaskom na poslovanje, financije, stil \u017eivota i tehnologiju. U suradnji s EuropeNewswire.net , The Balk News tako\u0111er objavljuje i distribuira priop\u0107enja medijima u regijama i cijelim europskim zemljama. Za distribuciju priop\u0107enja medijima kontaktirajte nas putem ovih aplikacija za razmjenu poruka WhatsApp , Skype [&hellip;]<\/p>\n","protected":false},"author":1,"featured_media":0,"parent":0,"menu_order":0,"comment_status":"closed","ping_status":"closed","template":"","meta":{"footnotes":""},"class_list":["post-5189","page","type-page","status-publish"],"_links":{"self":[{"href":"https:\/\/balkansnews.com\/hr\/wp-json\/wp\/v2\/pages\/5189","targetHints":{"allow":["GET"]}}],"collection":[{"href":"https:\/\/balkansnews.com\/hr\/wp-json\/wp\/v2\/pages"}],"about":[{"href":"https:\/\/balkansnews.com\/hr\/wp-json\/wp\/v2\/types\/page"}],"author":[{"embeddable":true,"href":"https:\/\/balkansnews.com\/hr\/wp-json\/wp\/v2\/users\/1"}],"replies":[{"embeddable":true,"href":"https:\/\/balkansnews.com\/hr\/wp-json\/wp\/v2\/comments?post=5189"}],"version-history":[{"count":1,"href":"https:\/\/balkansnews.com\/hr\/wp-json\/wp\/v2\/pages\/5189\/revisions"}],"predecessor-version":[{"id":5192,"href":"https:\/\/balkansnews.com\/hr\/wp-json\/wp\/v2\/pages\/5189\/revisions\/5192"}],"wp:attachment":[{"href":"https:\/\/balkansnews.com\/hr\/wp-json\/wp\/v2\/media?parent=5189"}],"curies":[{"name":"wp","href":"https:\/\/api.w.org\/{rel}","templated":true}]}}